{"id":16,"date":"2013-10-03T09:23:55","date_gmt":"2013-10-03T09:23:55","guid":{"rendered":"http:\/\/khanhngn.com\/?page_id=16"},"modified":"2013-10-03T10:26:25","modified_gmt":"2013-10-03T10:26:25","slug":"about","status":"publish","type":"page","link":"https:\/\/khanhngn.com\/vi\/about\/","title":{"rendered":"\u0110\u00f4i l\u1eddi gi\u1edbi thi\u1ec7u"},"content":{"rendered":"<p><\/p>\n<div id=\"few_words\">\n<p>Ch\u00fang t\u00f4i l\u00e0 m\u1ed9t nh\u00f3m nh\u1eefng nh\u00e0 thi\u1ebft k\u1ebf v\u00e0 ph\u00e1t tri\u1ec3n Web, nh\u1eefng ng\u01b0\u1eddi \u0111\u00e3 t\u1eebng t\u1ed1t nghi\u1ec7p \u0111\u1ea1i h\u1ecdc \u1edf Vi\u1ec7t Nam v\u00e0 CHLB \u0110\u1ee9c. Ch\u00fang t\u00f4i c\u00f3 nhi\u1ec1u kinh nghi\u1ec7m trong vi\u1ec7c ph\u00e1t tri\u1ec3n Web. Ch\u00fang t\u00f4i th\u00edch s\u1ef1 logic trong l\u1eadp tr\u00ecnh v\u00e0 lu\u00f4n lu\u00f4n c\u1ed1 g\u1eafng vi\u1ebft nh\u1eefng d\u00f2ng code chu\u1ea9n x\u00e1c, hi\u1ec7u qu\u1ea3, cho d\u00f9 \u0111\u00f3 c\u00f3 l\u00e0 HTML, CSS, PHP, ActionScript hay jQuery.<\/p>\n<p>Ch\u00fang t\u00f4i cung c\u1ea5p d\u1ecbch v\u1ee5 ph\u00e1t tri\u1ec3n Web ch\u1ea5t l\u01b0\u1ee3ng v\u1edbi gi\u00e1 r\u1ebb.<\/p>\n<p>M\u1ee5c ti\u00eau c\u1ee7a ch\u00fang t\u00f4i l\u00e0 l\u00e0m c\u00e1c trang web c\u00f3 Design theo phong c\u00e1ch hi\u1ec7n \u0111\u1ea1i v\u00e0 d\u1ec5 s\u1eed d\u1ee5ng.<\/p>\n<p>Ch\u00fang t\u00f4i x\u00e2y d\u1ef1ng c\u00e1c website \u0111\u1ed9ng \u0111\u1ec3 kh\u00e1ch h\u00e0ng c\u00f3 th\u1ec3 d\u1ec5 d\u00e0ng s\u1eeda \u0111\u1ed5i n\u1ed9i dung.<\/p>\n<p>Ch\u00fang t\u00f4i cung c\u1ea5p c\u00e1c gi\u1ea3i ph\u00e1p website ch\u1ea5t l\u01b0\u1ee3ng cao, gi\u00e1 th\u1ea5p cho c\u00e1c c\u00f4ng ty ho\u1eb7c c\u00e1 nh\u00e2n mu\u1ed1n t\u1ef1 gi\u1edbi thi\u1ec7u m\u00ecnh tr\u00ean Internet.<\/p>\n<\/div>\n<div id=\"skills\">\n<h2>K\u1ef9 n\u0103ng<\/h2>\n<ul>\n<li>\n<span class=\"my_skill\">Web Design<\/span><span class=\"stars\"><img decoding=\"async\" loading=\"lazy\" src=\"http:\/\/khanhngn.com\/wp-content\/uploads\/2013\/10\/5stars.png\" alt=\"5stars\" width=\"87\" height=\"14\" class=\"alignnone size-full wp-image-17\" \/><\/span>\n<\/li>\n<li>\n<span class=\"my_skill\">XHTML<\/span><span class=\"stars\"><img decoding=\"async\" loading=\"lazy\" src=\"http:\/\/khanhngn.com\/wp-content\/uploads\/2013\/10\/5stars.png\" alt=\"5stars\" width=\"87\" height=\"14\" class=\"alignnone size-full wp-image-17\" \/><\/span>\n<\/li>\n<li>\n<span class=\"my_skill\">CSS<\/span><span class=\"stars\"><img decoding=\"async\" loading=\"lazy\" src=\"http:\/\/khanhngn.com\/wp-content\/uploads\/2013\/10\/5stars.png\" alt=\"5stars\" width=\"87\" height=\"14\" class=\"alignnone size-full wp-image-17\" \/><\/span>\n<\/li>\n<li>\n<span class=\"my_skill\">WordPress<\/span><span class=\"stars\"><img decoding=\"async\" loading=\"lazy\" src=\"http:\/\/khanhngn.com\/wp-content\/uploads\/2013\/10\/5stars.png\" alt=\"5stars\" width=\"87\" height=\"14\" class=\"alignnone size-full wp-image-17\" \/><\/span>\n<\/li>\n<li>\n<span class=\"my_skill\">PHP<\/span><span class=\"stars\"><img decoding=\"async\" loading=\"lazy\" src=\"http:\/\/khanhngn.com\/wp-content\/uploads\/2013\/10\/5stars.png\" alt=\"5stars\" width=\"87\" height=\"14\" class=\"alignnone size-full wp-image-17\" \/><\/span>\n<\/li>\n<li>\n<span class=\"my_skill\">JQuery<\/span><span class=\"stars\"><img decoding=\"async\" loading=\"lazy\" src=\"http:\/\/khanhngn.com\/wp-content\/uploads\/2013\/10\/4stars.png\" alt=\"4stars\" width=\"87\" height=\"14\" class=\"alignnone size-full wp-image-18\" \/><\/span>\n<\/li>\n<li>\n<span class=\"my_skill\">Javascript<\/span><span class=\"stars\"><img decoding=\"async\" loading=\"lazy\" src=\"http:\/\/khanhngn.com\/wp-content\/uploads\/2013\/10\/4stars.png\" alt=\"4stars\" width=\"87\" height=\"14\" class=\"alignnone size-full wp-image-18\" \/><\/span>\n<\/li>\n<li>\n<span class=\"my_skill\">Flash ActionScript<\/span><span class=\"stars\"><img decoding=\"async\" loading=\"lazy\" src=\"http:\/\/khanhngn.com\/wp-content\/uploads\/2013\/10\/5stars.png\" alt=\"5stars\" width=\"87\" height=\"14\" class=\"alignnone size-full wp-image-17\" \/><\/span>\n<\/li>\n<li>\n<span class=\"my_skill\">Typography<\/span><span class=\"stars\"><img decoding=\"async\" loading=\"lazy\" src=\"http:\/\/khanhngn.com\/wp-content\/uploads\/2013\/10\/4stars.png\" alt=\"4stars\" width=\"87\" height=\"14\" class=\"alignnone size-full wp-image-18\" \/><\/span>\n<\/li>\n<\/ul>\n<\/div>\n<p><\/p>","protected":false},"excerpt":{"rendered":"<p>Ch\u00fang t\u00f4i l\u00e0 m\u1ed9t nh\u00f3m nh\u1eefng nh\u00e0 thi\u1ebft k\u1ebf v\u00e0 ph\u00e1t tri\u1ec3n Web, nh\u1eefng ng\u01b0\u1eddi \u0111\u00e3 t\u1eebng t\u1ed1t nghi\u1ec7p \u0111\u1ea1i h\u1ecdc \u1edf Vi\u1ec7t Nam v\u00e0 CHLB \u0110\u1ee9c. Ch\u00fang t\u00f4i c\u00f3 nhi\u1ec1u kinh nghi\u1ec7m trong vi\u1ec7c ph\u00e1t tri\u1ec3n Web. Ch\u00fang t\u00f4i th\u00edch s\u1ef1 logic trong l\u1eadp tr\u00ecnh v\u00e0 lu\u00f4n lu\u00f4n c\u1ed1 g\u1eafng vi\u1ebft nh\u1eefng d\u00f2ng code [&hellip;]<\/p>\n","protected":false},"author":1,"featured_media":0,"parent":0,"menu_order":0,"comment_status":"open","ping_status":"closed","template":"","meta":[],"yoast_head":"<!-- This site is optimized with the Yoast SEO plugin v20.0 - https:\/\/yoast.com\/wordpress\/plugins\/seo\/ -->\n<title>A few words about usEin paar Worte \u00fcber uns\u0110\u00f4i l\u1eddi gi\u1edbi thi\u1ec7u - KH Team<\/title>\n<meta name=\"description\" content=\"We are an A to Z web design and development team always keeping its services up-to-date with the latest trends, thus providing its customers all over the world with high-end and easy to update internet products. Wir sind ein A bis Z Web-Design und Web-Entwicklung Team, das immer die Dienstleistungen up-to-date mit den neuesten Trends h\u00e4lt, wodurch bieten wir unsere Kunden auf der ganzen Welt das High-End und einfach zu aktualisieren Internet-Produkte. Ch\u00fang t\u00f4i l\u00e0 m\u1ed9t \u0111\u1ed9i ng\u0169 thi\u1ebft k\u1ebf &amp; ph\u00e1t tri\u1ec3n Web t\u1eeb A \u0111\u1ebfn Z. Ch\u00fang t\u00f4i lu\u00f4n c\u1eadp nh\u1eadt c\u00e1c xu h\u01b0\u1edbng m\u1edbi nh\u1ea5t do \u0111\u00f3 cung c\u1ea5p cho kh\u00e1ch h\u00e0ng tr\u00ean to\u00e0n th\u1ebf gi\u1edbi c\u00e1c s\u1ea3n ph\u1ea9m internet cao c\u1ea5p v\u00e0 d\u1ec5 d\u00e0ng c\u1eadp nh\u1eadt.\" \/>\n<meta name=\"robots\" content=\"index, follow, max-snippet:-1, max-image-preview:large, max-video-preview:-1\" \/>\n<link rel=\"canonical\" href=\"https:\/\/khanhngn.com\/about\/\" \/>\n<meta property=\"og:locale\" content=\"vi_VN\" \/>\n<meta property=\"og:type\" content=\"article\" \/>\n<meta property=\"og:title\" content=\"A few words about usEin paar Worte \u00fcber uns\u0110\u00f4i l\u1eddi gi\u1edbi thi\u1ec7u - KH Team\" \/>\n<meta property=\"og:description\" content=\"We are an A to Z web design and development team always keeping its services up-to-date with the latest trends, thus providing its customers all over the world with high-end and easy to update internet products. Wir sind ein A bis Z Web-Design und Web-Entwicklung Team, das immer die Dienstleistungen up-to-date mit den neuesten Trends h\u00e4lt, wodurch bieten wir unsere Kunden auf der ganzen Welt das High-End und einfach zu aktualisieren Internet-Produkte. Ch\u00fang t\u00f4i l\u00e0 m\u1ed9t \u0111\u1ed9i ng\u0169 thi\u1ebft k\u1ebf &amp; ph\u00e1t tri\u1ec3n Web t\u1eeb A \u0111\u1ebfn Z. Ch\u00fang t\u00f4i lu\u00f4n c\u1eadp nh\u1eadt c\u00e1c xu h\u01b0\u1edbng m\u1edbi nh\u1ea5t do \u0111\u00f3 cung c\u1ea5p cho kh\u00e1ch h\u00e0ng tr\u00ean to\u00e0n th\u1ebf gi\u1edbi c\u00e1c s\u1ea3n ph\u1ea9m internet cao c\u1ea5p v\u00e0 d\u1ec5 d\u00e0ng c\u1eadp nh\u1eadt.\" \/>\n<meta property=\"og:url\" content=\"https:\/\/khanhngn.com\/about\/\" \/>\n<meta property=\"og:site_name\" content=\"KH Team\" \/>\n<meta property=\"article:modified_time\" content=\"2013-10-03T10:26:25+00:00\" \/>\n<meta property=\"og:image\" content=\"http:\/\/khanhngn.com\/wp-content\/uploads\/2013\/10\/5stars.png\" \/>\n<meta name=\"twitter:label1\" content=\"\u01af\u1edbc t\u00ednh th\u1eddi gian \u0111\u1ecdc\" \/>\n\t<meta name=\"twitter:data1\" content=\"3 ph\u00fat\" \/>\n<script type=\"application\/ld+json\" class=\"yoast-schema-graph\">{\"@context\":\"https:\/\/schema.org\",\"@graph\":[{\"@type\":\"WebPage\",\"@id\":\"https:\/\/khanhngn.com\/about\/\",\"url\":\"https:\/\/khanhngn.com\/about\/\",\"name\":\"A few words about usEin paar Worte \u00fcber uns\u0110\u00f4i l\u1eddi gi\u1edbi thi\u1ec7u - KH Team\",\"isPartOf\":{\"@id\":\"https:\/\/khanhngn.com\/#website\"},\"datePublished\":\"2013-10-03T09:23:55+00:00\",\"dateModified\":\"2013-10-03T10:26:25+00:00\",\"description\":\"We are an A to Z web design and development team always keeping its services up-to-date with the latest trends, thus providing its customers all over the world with high-end and easy to update internet products. Wir sind ein A bis Z Web-Design und Web-Entwicklung Team, das immer die Dienstleistungen up-to-date mit den neuesten Trends h\u00e4lt, wodurch bieten wir unsere Kunden auf der ganzen Welt das High-End und einfach zu aktualisieren Internet-Produkte. Ch\u00fang t\u00f4i l\u00e0 m\u1ed9t \u0111\u1ed9i ng\u0169 thi\u1ebft k\u1ebf & ph\u00e1t tri\u1ec3n Web t\u1eeb A \u0111\u1ebfn Z. Ch\u00fang t\u00f4i lu\u00f4n c\u1eadp nh\u1eadt c\u00e1c xu h\u01b0\u1edbng m\u1edbi nh\u1ea5t do \u0111\u00f3 cung c\u1ea5p cho kh\u00e1ch h\u00e0ng tr\u00ean to\u00e0n th\u1ebf gi\u1edbi c\u00e1c s\u1ea3n ph\u1ea9m internet cao c\u1ea5p v\u00e0 d\u1ec5 d\u00e0ng c\u1eadp nh\u1eadt.\",\"inLanguage\":\"vi\",\"potentialAction\":[{\"@type\":\"ReadAction\",\"target\":[\"https:\/\/khanhngn.com\/about\/\"]}]},{\"@type\":\"WebSite\",\"@id\":\"https:\/\/khanhngn.com\/#website\",\"url\":\"https:\/\/khanhngn.com\/\",\"name\":\"KH Team\",\"description\":\"Web Designer \u2013 Web Developer\",\"potentialAction\":[{\"@type\":\"SearchAction\",\"target\":{\"@type\":\"EntryPoint\",\"urlTemplate\":\"https:\/\/khanhngn.com\/?s={search_term_string}\"},\"query-input\":\"required name=search_term_string\"}],\"inLanguage\":\"vi\"}]}<\/script>\n<!-- \/ Yoast SEO plugin. -->","yoast_head_json":{"title":"A few words about usEin paar Worte \u00fcber uns\u0110\u00f4i l\u1eddi gi\u1edbi thi\u1ec7u - KH Team","description":"We are an A to Z web design and development team always keeping its services up-to-date with the latest trends, thus providing its customers all over the world with high-end and easy to update internet products. Wir sind ein A bis Z Web-Design und Web-Entwicklung Team, das immer die Dienstleistungen up-to-date mit den neuesten Trends h\u00e4lt, wodurch bieten wir unsere Kunden auf der ganzen Welt das High-End und einfach zu aktualisieren Internet-Produkte. Ch\u00fang t\u00f4i l\u00e0 m\u1ed9t \u0111\u1ed9i ng\u0169 thi\u1ebft k\u1ebf & ph\u00e1t tri\u1ec3n Web t\u1eeb A \u0111\u1ebfn Z. Ch\u00fang t\u00f4i lu\u00f4n c\u1eadp nh\u1eadt c\u00e1c xu h\u01b0\u1edbng m\u1edbi nh\u1ea5t do \u0111\u00f3 cung c\u1ea5p cho kh\u00e1ch h\u00e0ng tr\u00ean to\u00e0n th\u1ebf gi\u1edbi c\u00e1c s\u1ea3n ph\u1ea9m internet cao c\u1ea5p v\u00e0 d\u1ec5 d\u00e0ng c\u1eadp nh\u1eadt.","robots":{"index":"index","follow":"follow","max-snippet":"max-snippet:-1","max-image-preview":"max-image-preview:large","max-video-preview":"max-video-preview:-1"},"canonical":"https:\/\/khanhngn.com\/about\/","og_locale":"vi_VN","og_type":"article","og_title":"A few words about usEin paar Worte \u00fcber uns\u0110\u00f4i l\u1eddi gi\u1edbi thi\u1ec7u - KH Team","og_description":"We are an A to Z web design and development team always keeping its services up-to-date with the latest trends, thus providing its customers all over the world with high-end and easy to update internet products. Wir sind ein A bis Z Web-Design und Web-Entwicklung Team, das immer die Dienstleistungen up-to-date mit den neuesten Trends h\u00e4lt, wodurch bieten wir unsere Kunden auf der ganzen Welt das High-End und einfach zu aktualisieren Internet-Produkte. Ch\u00fang t\u00f4i l\u00e0 m\u1ed9t \u0111\u1ed9i ng\u0169 thi\u1ebft k\u1ebf & ph\u00e1t tri\u1ec3n Web t\u1eeb A \u0111\u1ebfn Z. Ch\u00fang t\u00f4i lu\u00f4n c\u1eadp nh\u1eadt c\u00e1c xu h\u01b0\u1edbng m\u1edbi nh\u1ea5t do \u0111\u00f3 cung c\u1ea5p cho kh\u00e1ch h\u00e0ng tr\u00ean to\u00e0n th\u1ebf gi\u1edbi c\u00e1c s\u1ea3n ph\u1ea9m internet cao c\u1ea5p v\u00e0 d\u1ec5 d\u00e0ng c\u1eadp nh\u1eadt.","og_url":"https:\/\/khanhngn.com\/about\/","og_site_name":"KH Team","article_modified_time":"2013-10-03T10:26:25+00:00","og_image":[{"url":"http:\/\/khanhngn.com\/wp-content\/uploads\/2013\/10\/5stars.png"}],"twitter_misc":{"\u01af\u1edbc t\u00ednh th\u1eddi gian \u0111\u1ecdc":"3 ph\u00fat"},"schema":{"@context":"https:\/\/schema.org","@graph":[{"@type":"WebPage","@id":"https:\/\/khanhngn.com\/about\/","url":"https:\/\/khanhngn.com\/about\/","name":"A few words about usEin paar Worte \u00fcber uns\u0110\u00f4i l\u1eddi gi\u1edbi thi\u1ec7u - KH Team","isPartOf":{"@id":"https:\/\/khanhngn.com\/#website"},"datePublished":"2013-10-03T09:23:55+00:00","dateModified":"2013-10-03T10:26:25+00:00","description":"We are an A to Z web design and development team always keeping its services up-to-date with the latest trends, thus providing its customers all over the world with high-end and easy to update internet products. Wir sind ein A bis Z Web-Design und Web-Entwicklung Team, das immer die Dienstleistungen up-to-date mit den neuesten Trends h\u00e4lt, wodurch bieten wir unsere Kunden auf der ganzen Welt das High-End und einfach zu aktualisieren Internet-Produkte. Ch\u00fang t\u00f4i l\u00e0 m\u1ed9t \u0111\u1ed9i ng\u0169 thi\u1ebft k\u1ebf & ph\u00e1t tri\u1ec3n Web t\u1eeb A \u0111\u1ebfn Z. Ch\u00fang t\u00f4i lu\u00f4n c\u1eadp nh\u1eadt c\u00e1c xu h\u01b0\u1edbng m\u1edbi nh\u1ea5t do \u0111\u00f3 cung c\u1ea5p cho kh\u00e1ch h\u00e0ng tr\u00ean to\u00e0n th\u1ebf gi\u1edbi c\u00e1c s\u1ea3n ph\u1ea9m internet cao c\u1ea5p v\u00e0 d\u1ec5 d\u00e0ng c\u1eadp nh\u1eadt.","inLanguage":"vi","potentialAction":[{"@type":"ReadAction","target":["https:\/\/khanhngn.com\/about\/"]}]},{"@type":"WebSite","@id":"https:\/\/khanhngn.com\/#website","url":"https:\/\/khanhngn.com\/","name":"KH Team","description":"Web Designer \u2013 Web Developer","potentialAction":[{"@type":"SearchAction","target":{"@type":"EntryPoint","urlTemplate":"https:\/\/khanhngn.com\/?s={search_term_string}"},"query-input":"required name=search_term_string"}],"inLanguage":"vi"}]}},"_links":{"self":[{"href":"https:\/\/khanhngn.com\/vi\/wp-json\/wp\/v2\/pages\/16"}],"collection":[{"href":"https:\/\/khanhngn.com\/vi\/wp-json\/wp\/v2\/pages"}],"about":[{"href":"https:\/\/khanhngn.com\/vi\/wp-json\/wp\/v2\/types\/page"}],"author":[{"embeddable":true,"href":"https:\/\/khanhngn.com\/vi\/wp-json\/wp\/v2\/users\/1"}],"replies":[{"embeddable":true,"href":"https:\/\/khanhngn.com\/vi\/wp-json\/wp\/v2\/comments?post=16"}],"version-history":[{"count":1,"href":"https:\/\/khanhngn.com\/vi\/wp-json\/wp\/v2\/pages\/16\/revisions"}],"predecessor-version":[{"id":19,"href":"https:\/\/khanhngn.com\/vi\/wp-json\/wp\/v2\/pages\/16\/revisions\/19"}],"wp:attachment":[{"href":"https:\/\/khanhngn.com\/vi\/wp-json\/wp\/v2\/media?parent=16"}],"curies":[{"name":"wp","href":"https:\/\/api.w.org\/{rel}","templated":true}]}}