{"id":14,"date":"2013-10-03T08:17:50","date_gmt":"2013-10-03T08:17:50","guid":{"rendered":"http:\/\/khanhngn.com\/?page_id=14"},"modified":"2024-10-24T10:58:08","modified_gmt":"2024-10-24T10:58:08","slug":"contact","status":"publish","type":"page","link":"https:\/\/khanhngn.com\/vi\/contact\/","title":{"rendered":"Li\u00ean h\u1ec7 v\u1edbi ch\u00fang t\u00f4i"},"content":{"rendered":"<p><\/p>\n<div class=\"clear\">\n<div id=\"contact\">\n<h3>Nguy\u1ec5n Nam Kh\u00e1nh<\/h3>\n<p>\u0110i\u1ec7n tho\u1ea1i: +84 9 666 41 438<br \/>\nE-Mail: <a href=\"mailto:khanh@khanhngn.com\">khanh@khanhngn.com<\/a><br \/>\nSkype: <a title=\"Launch Skype\" href=\"skype:khanhngn?chat\">khanhngn<\/a><br \/>\nZalo: 09 666 41 438<\/p>\n<\/div>\n<div id=\"contact_form\">\n<div class=\"wpcf7 no-js\" id=\"wpcf7-f29-o3\" lang=\"vi\" dir=\"ltr\">\n<div class=\"screen-reader-response\"><p role=\"status\" aria-live=\"polite\" aria-atomic=\"true\"><\/p> <ul><\/ul><\/div>\n<form action=\"\/vi\/wp-json\/wp\/v2\/pages\/14#wpcf7-f29-o3\" method=\"post\" class=\"wpcf7-form init\" aria-label=\"Contact form\" novalidate=\"novalidate\" data-status=\"init\">\n<div style=\"display: none;\">\n<input type=\"hidden\" name=\"_wpcf7\" value=\"29\" \/>\n<input type=\"hidden\" name=\"_wpcf7_version\" value=\"5.7.3\" \/>\n<input type=\"hidden\" name=\"_wpcf7_locale\" value=\"vi\" \/>\n<input type=\"hidden\" name=\"_wpcf7_unit_tag\" value=\"wpcf7-f29-o3\" \/>\n<input type=\"hidden\" name=\"_wpcf7_container_post\" value=\"0\" \/>\n<input type=\"hidden\" name=\"_wpcf7_posted_data_hash\" value=\"\" \/>\n<input type=\"hidden\" name=\"_wpcf7_recaptcha_response\" value=\"\" \/>\n<\/div>\n<div class=\"clear\">\n\t<div id=\"contact_left\">\n\t\t<p>T\u00ean qu\u00fd v\u1ecb (b\u1eaft bu\u1ed9c)\n\t\t<\/p>\n\t\t<p><span class=\"wpcf7-form-control-wrap\" data-name=\"your-name\"><input size=\"40\" class=\"wpcf7-form-control wpcf7-text wpcf7-validates-as-required\" aria-required=\"true\" aria-invalid=\"false\" value=\"\" type=\"text\" name=\"your-name\" \/><\/span>\n\t\t<\/p>\n\t\t<p>E-Mail (b\u1eaft bu\u1ed9c)\n\t\t<\/p>\n\t\t<p><span class=\"wpcf7-form-control-wrap\" data-name=\"your-email\"><input size=\"40\" class=\"wpcf7-form-control wpcf7-text wpcf7-email wpcf7-validates-as-required wpcf7-validates-as-email\" aria-required=\"true\" aria-invalid=\"false\" value=\"\" type=\"email\" name=\"your-email\" \/><\/span>\n\t\t<\/p>\n\t\t<p>Ch\u1ee7 \u0111\u1ec1\n\t\t<\/p>\n\t\t<p><span class=\"wpcf7-form-control-wrap\" data-name=\"your-subject\"><input size=\"40\" class=\"wpcf7-form-control wpcf7-text\" aria-invalid=\"false\" value=\"\" type=\"text\" name=\"your-subject\" \/><\/span>\n\t\t<\/p>\n\t<\/div>\n\t<div id=\"contact_right\">\n\t\t<p>Th\u00f4ng \u0111i\u1ec7p\n\t\t<\/p>\n\t\t<p><span class=\"wpcf7-form-control-wrap\" data-name=\"your-message\"><textarea cols=\"40\" rows=\"10\" class=\"wpcf7-form-control wpcf7-textarea\" aria-invalid=\"false\" name=\"your-message\"><\/textarea><\/span>\n\t\t<\/p>\n\t\t<p class=\"send_btn\"><input class=\"wpcf7-form-control has-spinner wpcf7-submit\" type=\"submit\" value=\"G\u1eedi \u0111i\" \/>\n\t\t<\/p>\n\t<\/div>\n<\/div><p style=\"display: none !important;\"><label>&#916;<textarea name=\"_wpcf7_ak_hp_textarea\" cols=\"45\" rows=\"8\" maxlength=\"100\"><\/textarea><\/label><input type=\"hidden\" id=\"ak_js_3\" name=\"_wpcf7_ak_js\" value=\"94\"\/><script>document.getElementById( \"ak_js_3\" ).setAttribute( \"value\", ( new Date() ).getTime() );<\/script><\/p><div class=\"wpcf7-response-output\" aria-hidden=\"true\"><\/div>\n<\/form>\n<\/div>\n<\/div>\n<\/div>\n<p><\/p>","protected":false},"excerpt":{"rendered":"<p>Nguy\u1ec5n Nam Kh\u00e1nh \u0110i\u1ec7n tho\u1ea1i: +84 9 666 41 438 E-Mail: khanh@khanhngn.com Skype: khanhngn Zalo: 09 666 41 438<\/p>\n","protected":false},"author":1,"featured_media":0,"parent":0,"menu_order":0,"comment_status":"open","ping_status":"closed","template":"","meta":[],"yoast_head":"<!-- This site is optimized with the Yoast SEO plugin v20.0 - https:\/\/yoast.com\/wordpress\/plugins\/seo\/ -->\n<title>Get in touchKontaktieren Sie unsLi\u00ean h\u1ec7 v\u1edbi ch\u00fang t\u00f4i - KH Team<\/title>\n<meta name=\"description\" content=\"We are an A to Z web design and development team always keeping its services up-to-date with the latest trends, thus providing its customers all over the world with high-end and easy to update internet products. Wir sind ein A bis Z Web-Design und Web-Entwicklung Team, das immer die Dienstleistungen up-to-date mit den neuesten Trends h\u00e4lt, wodurch bieten wir unsere Kunden auf der ganzen Welt das High-End und einfach zu aktualisieren Internet-Produkte. Ch\u00fang t\u00f4i l\u00e0 m\u1ed9t \u0111\u1ed9i ng\u0169 thi\u1ebft k\u1ebf &amp; ph\u00e1t tri\u1ec3n Web t\u1eeb A \u0111\u1ebfn Z. Ch\u00fang t\u00f4i lu\u00f4n c\u1eadp nh\u1eadt c\u00e1c xu h\u01b0\u1edbng m\u1edbi nh\u1ea5t do \u0111\u00f3 cung c\u1ea5p cho kh\u00e1ch h\u00e0ng tr\u00ean to\u00e0n th\u1ebf gi\u1edbi c\u00e1c s\u1ea3n ph\u1ea9m internet cao c\u1ea5p v\u00e0 d\u1ec5 d\u00e0ng c\u1eadp nh\u1eadt.\" \/>\n<meta name=\"robots\" content=\"index, follow, max-snippet:-1, max-image-preview:large, max-video-preview:-1\" \/>\n<link rel=\"canonical\" href=\"https:\/\/khanhngn.com\/contact\/\" \/>\n<meta property=\"og:locale\" content=\"vi_VN\" \/>\n<meta property=\"og:type\" content=\"article\" \/>\n<meta property=\"og:title\" content=\"Get in touchKontaktieren Sie unsLi\u00ean h\u1ec7 v\u1edbi ch\u00fang t\u00f4i - KH Team\" \/>\n<meta property=\"og:description\" content=\"We are an A to Z web design and development team always keeping its services up-to-date with the latest trends, thus providing its customers all over the world with high-end and easy to update internet products. Wir sind ein A bis Z Web-Design und Web-Entwicklung Team, das immer die Dienstleistungen up-to-date mit den neuesten Trends h\u00e4lt, wodurch bieten wir unsere Kunden auf der ganzen Welt das High-End und einfach zu aktualisieren Internet-Produkte. Ch\u00fang t\u00f4i l\u00e0 m\u1ed9t \u0111\u1ed9i ng\u0169 thi\u1ebft k\u1ebf &amp; ph\u00e1t tri\u1ec3n Web t\u1eeb A \u0111\u1ebfn Z. Ch\u00fang t\u00f4i lu\u00f4n c\u1eadp nh\u1eadt c\u00e1c xu h\u01b0\u1edbng m\u1edbi nh\u1ea5t do \u0111\u00f3 cung c\u1ea5p cho kh\u00e1ch h\u00e0ng tr\u00ean to\u00e0n th\u1ebf gi\u1edbi c\u00e1c s\u1ea3n ph\u1ea9m internet cao c\u1ea5p v\u00e0 d\u1ec5 d\u00e0ng c\u1eadp nh\u1eadt.\" \/>\n<meta property=\"og:url\" content=\"https:\/\/khanhngn.com\/contact\/\" \/>\n<meta property=\"og:site_name\" content=\"KH Team\" \/>\n<meta property=\"article:modified_time\" content=\"2024-10-24T10:58:08+00:00\" \/>\n<script type=\"application\/ld+json\" class=\"yoast-schema-graph\">{\"@context\":\"https:\/\/schema.org\",\"@graph\":[{\"@type\":\"WebPage\",\"@id\":\"https:\/\/khanhngn.com\/contact\/\",\"url\":\"https:\/\/khanhngn.com\/contact\/\",\"name\":\"Get in touchKontaktieren Sie unsLi\u00ean h\u1ec7 v\u1edbi ch\u00fang t\u00f4i - KH Team\",\"isPartOf\":{\"@id\":\"https:\/\/khanhngn.com\/#website\"},\"datePublished\":\"2013-10-03T08:17:50+00:00\",\"dateModified\":\"2024-10-24T10:58:08+00:00\",\"description\":\"We are an A to Z web design and development team always keeping its services up-to-date with the latest trends, thus providing its customers all over the world with high-end and easy to update internet products. Wir sind ein A bis Z Web-Design und Web-Entwicklung Team, das immer die Dienstleistungen up-to-date mit den neuesten Trends h\u00e4lt, wodurch bieten wir unsere Kunden auf der ganzen Welt das High-End und einfach zu aktualisieren Internet-Produkte. Ch\u00fang t\u00f4i l\u00e0 m\u1ed9t \u0111\u1ed9i ng\u0169 thi\u1ebft k\u1ebf & ph\u00e1t tri\u1ec3n Web t\u1eeb A \u0111\u1ebfn Z. Ch\u00fang t\u00f4i lu\u00f4n c\u1eadp nh\u1eadt c\u00e1c xu h\u01b0\u1edbng m\u1edbi nh\u1ea5t do \u0111\u00f3 cung c\u1ea5p cho kh\u00e1ch h\u00e0ng tr\u00ean to\u00e0n th\u1ebf gi\u1edbi c\u00e1c s\u1ea3n ph\u1ea9m internet cao c\u1ea5p v\u00e0 d\u1ec5 d\u00e0ng c\u1eadp nh\u1eadt.\",\"inLanguage\":\"vi\",\"potentialAction\":[{\"@type\":\"ReadAction\",\"target\":[\"https:\/\/khanhngn.com\/contact\/\"]}]},{\"@type\":\"WebSite\",\"@id\":\"https:\/\/khanhngn.com\/#website\",\"url\":\"https:\/\/khanhngn.com\/\",\"name\":\"KH Team\",\"description\":\"Web Designer \u2013 Web Developer\",\"potentialAction\":[{\"@type\":\"SearchAction\",\"target\":{\"@type\":\"EntryPoint\",\"urlTemplate\":\"https:\/\/khanhngn.com\/?s={search_term_string}\"},\"query-input\":\"required name=search_term_string\"}],\"inLanguage\":\"vi\"}]}<\/script>\n<!-- \/ Yoast SEO plugin. -->","yoast_head_json":{"title":"Get in touchKontaktieren Sie unsLi\u00ean h\u1ec7 v\u1edbi ch\u00fang t\u00f4i - KH Team","description":"We are an A to Z web design and development team always keeping its services up-to-date with the latest trends, thus providing its customers all over the world with high-end and easy to update internet products. Wir sind ein A bis Z Web-Design und Web-Entwicklung Team, das immer die Dienstleistungen up-to-date mit den neuesten Trends h\u00e4lt, wodurch bieten wir unsere Kunden auf der ganzen Welt das High-End und einfach zu aktualisieren Internet-Produkte. Ch\u00fang t\u00f4i l\u00e0 m\u1ed9t \u0111\u1ed9i ng\u0169 thi\u1ebft k\u1ebf & ph\u00e1t tri\u1ec3n Web t\u1eeb A \u0111\u1ebfn Z. Ch\u00fang t\u00f4i lu\u00f4n c\u1eadp nh\u1eadt c\u00e1c xu h\u01b0\u1edbng m\u1edbi nh\u1ea5t do \u0111\u00f3 cung c\u1ea5p cho kh\u00e1ch h\u00e0ng tr\u00ean to\u00e0n th\u1ebf gi\u1edbi c\u00e1c s\u1ea3n ph\u1ea9m internet cao c\u1ea5p v\u00e0 d\u1ec5 d\u00e0ng c\u1eadp nh\u1eadt.","robots":{"index":"index","follow":"follow","max-snippet":"max-snippet:-1","max-image-preview":"max-image-preview:large","max-video-preview":"max-video-preview:-1"},"canonical":"https:\/\/khanhngn.com\/contact\/","og_locale":"vi_VN","og_type":"article","og_title":"Get in touchKontaktieren Sie unsLi\u00ean h\u1ec7 v\u1edbi ch\u00fang t\u00f4i - KH Team","og_description":"We are an A to Z web design and development team always keeping its services up-to-date with the latest trends, thus providing its customers all over the world with high-end and easy to update internet products. Wir sind ein A bis Z Web-Design und Web-Entwicklung Team, das immer die Dienstleistungen up-to-date mit den neuesten Trends h\u00e4lt, wodurch bieten wir unsere Kunden auf der ganzen Welt das High-End und einfach zu aktualisieren Internet-Produkte. Ch\u00fang t\u00f4i l\u00e0 m\u1ed9t \u0111\u1ed9i ng\u0169 thi\u1ebft k\u1ebf & ph\u00e1t tri\u1ec3n Web t\u1eeb A \u0111\u1ebfn Z. Ch\u00fang t\u00f4i lu\u00f4n c\u1eadp nh\u1eadt c\u00e1c xu h\u01b0\u1edbng m\u1edbi nh\u1ea5t do \u0111\u00f3 cung c\u1ea5p cho kh\u00e1ch h\u00e0ng tr\u00ean to\u00e0n th\u1ebf gi\u1edbi c\u00e1c s\u1ea3n ph\u1ea9m internet cao c\u1ea5p v\u00e0 d\u1ec5 d\u00e0ng c\u1eadp nh\u1eadt.","og_url":"https:\/\/khanhngn.com\/contact\/","og_site_name":"KH Team","article_modified_time":"2024-10-24T10:58:08+00:00","schema":{"@context":"https:\/\/schema.org","@graph":[{"@type":"WebPage","@id":"https:\/\/khanhngn.com\/contact\/","url":"https:\/\/khanhngn.com\/contact\/","name":"Get in touchKontaktieren Sie unsLi\u00ean h\u1ec7 v\u1edbi ch\u00fang t\u00f4i - KH Team","isPartOf":{"@id":"https:\/\/khanhngn.com\/#website"},"datePublished":"2013-10-03T08:17:50+00:00","dateModified":"2024-10-24T10:58:08+00:00","description":"We are an A to Z web design and development team always keeping its services up-to-date with the latest trends, thus providing its customers all over the world with high-end and easy to update internet products. Wir sind ein A bis Z Web-Design und Web-Entwicklung Team, das immer die Dienstleistungen up-to-date mit den neuesten Trends h\u00e4lt, wodurch bieten wir unsere Kunden auf der ganzen Welt das High-End und einfach zu aktualisieren Internet-Produkte. Ch\u00fang t\u00f4i l\u00e0 m\u1ed9t \u0111\u1ed9i ng\u0169 thi\u1ebft k\u1ebf & ph\u00e1t tri\u1ec3n Web t\u1eeb A \u0111\u1ebfn Z. Ch\u00fang t\u00f4i lu\u00f4n c\u1eadp nh\u1eadt c\u00e1c xu h\u01b0\u1edbng m\u1edbi nh\u1ea5t do \u0111\u00f3 cung c\u1ea5p cho kh\u00e1ch h\u00e0ng tr\u00ean to\u00e0n th\u1ebf gi\u1edbi c\u00e1c s\u1ea3n ph\u1ea9m internet cao c\u1ea5p v\u00e0 d\u1ec5 d\u00e0ng c\u1eadp nh\u1eadt.","inLanguage":"vi","potentialAction":[{"@type":"ReadAction","target":["https:\/\/khanhngn.com\/contact\/"]}]},{"@type":"WebSite","@id":"https:\/\/khanhngn.com\/#website","url":"https:\/\/khanhngn.com\/","name":"KH Team","description":"Web Designer \u2013 Web Developer","potentialAction":[{"@type":"SearchAction","target":{"@type":"EntryPoint","urlTemplate":"https:\/\/khanhngn.com\/?s={search_term_string}"},"query-input":"required name=search_term_string"}],"inLanguage":"vi"}]}},"_links":{"self":[{"href":"https:\/\/khanhngn.com\/vi\/wp-json\/wp\/v2\/pages\/14"}],"collection":[{"href":"https:\/\/khanhngn.com\/vi\/wp-json\/wp\/v2\/pages"}],"about":[{"href":"https:\/\/khanhngn.com\/vi\/wp-json\/wp\/v2\/types\/page"}],"author":[{"embeddable":true,"href":"https:\/\/khanhngn.com\/vi\/wp-json\/wp\/v2\/users\/1"}],"replies":[{"embeddable":true,"href":"https:\/\/khanhngn.com\/vi\/wp-json\/wp\/v2\/comments?post=14"}],"version-history":[{"count":5,"href":"https:\/\/khanhngn.com\/vi\/wp-json\/wp\/v2\/pages\/14\/revisions"}],"predecessor-version":[{"id":180,"href":"https:\/\/khanhngn.com\/vi\/wp-json\/wp\/v2\/pages\/14\/revisions\/180"}],"wp:attachment":[{"href":"https:\/\/khanhngn.com\/vi\/wp-json\/wp\/v2\/media?parent=14"}],"curies":[{"name":"wp","href":"https:\/\/api.w.org\/{rel}","templated":true}]}}